{"id":6864,"date":"2016-09-21T18:52:58","date_gmt":"2016-09-21T18:52:58","guid":{"rendered":"https:\/\/www.caleidoscope.se\/nodljus-2\/"},"modified":"2023-11-06T15:25:20","modified_gmt":"2023-11-06T15:25:20","slug":"emergency-light","status":"publish","type":"page","link":"https:\/\/www.caleidoscope.se\/en\/products\/ligthing\/emergency-light\/","title":{"rendered":"Emergency light"},"content":{"rendered":"<span><a onclick=\"read_toggle(730745469, '', ''); return false;\" class=\"read-link\" id=\"readlink730745469\" style=\"readlink\" href=\"#\"><\/a><\/span>\n<div class=\"read_div\" id=\"read730745469\" style=\"display: none;\"><\/p>\n<p>Emergency lighting is a safety product created to be used in emergency situations and to save lives. It should enable evacuation in a safe and efficient way. Emergency lights come in different designs but all have the common feature of working in the event of a power failure. Emergency lighting is mainly used in public premises but can also be used for home use in the form of mobile lighting solutions such as hand-held spotlights in different strengths.<\/p>\n<p>In public places such as hotels, healthcare facilities and shopping centers, emergency lighting fixtures with pictograms are used to ensure an efficient and clear escape route.<br \/>\nGuidance markings and non-pictogram luminaires are available in a variety of light sources such as LED, fluorescent and photoluminescent signs and are suitable for different environments.<\/p>\n<p>Since 1999, there has been a statutory standard for emergency lighting, SS-EN 1838, which, among other things, clarifies in which premises and locations emergency lighting is an existing requirement. It imposes many detailed rules for safety in emergency situations and explains exactly where the lighting should be located and what the performance of the emergency light should be for different plastics.<\/p>\n<p>Emergency power is usually drawn from a battery in the luminaire or from a centrally located battery and must be usable for 60 minutes. But whether you are looking for an emergency light that supports a central or built-in battery, we have something for your emergency.<\/p>\n<p><\/div>\n","protected":false},"excerpt":{"rendered":"","protected":false},"author":1,"featured_media":4695,"parent":6910,"menu_order":10,"comment_status":"closed","ping_status":"closed","template":"inc\/product-child.php","meta":{"footnotes":""},"acf":[],"yoast_head":"<!-- This site is optimized with the Yoast SEO plugin v21.5 - https:\/\/yoast.com\/wordpress\/plugins\/seo\/ -->\n<title>N\u00f6dljus - N\u00f6dbelysning | Caleidoscope<\/title>\n<meta name=\"description\" content=\"N\u00f6dbelysning \u00e4r en s\u00e4kerhetsprodukt skapad f\u00f6r att anv\u00e4ndas vid n\u00f6dsituationer och att r\u00e4dda liv. Det ska m\u00f6jligg\u00f6ra utrymning p\u00e5 s\u00e4kert s\u00e4tt.\" \/>\n<meta name=\"robots\" content=\"index, follow, max-snippet:-1, max-image-preview:large, max-video-preview:-1\" \/>\n<link rel=\"canonical\" href=\"https:\/\/www.caleidoscope.se\/en\/products\/ligthing\/emergency-light\/\" \/>\n<meta property=\"og:locale\" content=\"en_US\" \/>\n<meta property=\"og:type\" content=\"article\" \/>\n<meta property=\"og:title\" content=\"N\u00f6dljus - N\u00f6dbelysning | Caleidoscope\" \/>\n<meta property=\"og:description\" content=\"N\u00f6dbelysning \u00e4r en s\u00e4kerhetsprodukt skapad f\u00f6r att anv\u00e4ndas vid n\u00f6dsituationer och att r\u00e4dda liv. Det ska m\u00f6jligg\u00f6ra utrymning p\u00e5 s\u00e4kert s\u00e4tt.\" \/>\n<meta property=\"og:url\" content=\"https:\/\/www.caleidoscope.se\/en\/products\/ligthing\/emergency-light\/\" \/>\n<meta property=\"article:modified_time\" content=\"2023-11-06T15:25:20+00:00\" \/>\n<meta property=\"og:image\" content=\"https:\/\/www.caleidoscope.se\/wp-content\/uploads\/2016\/09\/7340001_1.jpg\" \/>\n\t<meta property=\"og:image:width\" content=\"600\" \/>\n\t<meta property=\"og:image:height\" content=\"400\" \/>\n\t<meta property=\"og:image:type\" content=\"image\/jpeg\" \/>\n<meta name=\"twitter:card\" content=\"summary_large_image\" \/>\n<meta name=\"twitter:label1\" content=\"Est. reading time\" \/>\n\t<meta name=\"twitter:data1\" content=\"1 minute\" \/>\n<script type=\"application\/ld+json\" class=\"yoast-schema-graph\">{\"@context\":\"https:\/\/schema.org\",\"@graph\":[{\"@type\":\"WebPage\",\"@id\":\"https:\/\/www.caleidoscope.se\/en\/products\/ligthing\/emergency-light\/\",\"url\":\"https:\/\/www.caleidoscope.se\/en\/products\/ligthing\/emergency-light\/\",\"name\":\"N\u00f6dljus - N\u00f6dbelysning | Caleidoscope\",\"isPartOf\":{\"@id\":\"https:\/\/www.caleidoscope.se\/#website\"},\"datePublished\":\"2016-09-21T18:52:58+00:00\",\"dateModified\":\"2023-11-06T15:25:20+00:00\",\"description\":\"N\u00f6dbelysning \u00e4r en s\u00e4kerhetsprodukt skapad f\u00f6r att anv\u00e4ndas vid n\u00f6dsituationer och att r\u00e4dda liv. Det ska m\u00f6jligg\u00f6ra utrymning p\u00e5 s\u00e4kert s\u00e4tt.\",\"breadcrumb\":{\"@id\":\"https:\/\/www.caleidoscope.se\/en\/products\/ligthing\/emergency-light\/#breadcrumb\"},\"inLanguage\":\"en-US\",\"potentialAction\":[{\"@type\":\"ReadAction\",\"target\":[\"https:\/\/www.caleidoscope.se\/en\/products\/ligthing\/emergency-light\/\"]}]},{\"@type\":\"BreadcrumbList\",\"@id\":\"https:\/\/www.caleidoscope.se\/en\/products\/ligthing\/emergency-light\/#breadcrumb\",\"itemListElement\":[{\"@type\":\"ListItem\",\"position\":1,\"name\":\"Hem\",\"item\":\"https:\/\/www.caleidoscope.se\/en\/\"},{\"@type\":\"ListItem\",\"position\":2,\"name\":\"Products\",\"item\":\"https:\/\/www.caleidoscope.se\/en\/products\/\"},{\"@type\":\"ListItem\",\"position\":3,\"name\":\"LIGHTING\",\"item\":\"https:\/\/www.caleidoscope.se\/en\/products\/ligthing\/\"},{\"@type\":\"ListItem\",\"position\":4,\"name\":\"Emergency light\"}]},{\"@type\":\"WebSite\",\"@id\":\"https:\/\/www.caleidoscope.se\/#website\",\"url\":\"https:\/\/www.caleidoscope.se\/\",\"name\":\"\",\"description\":\"\",\"potentialAction\":[{\"@type\":\"SearchAction\",\"target\":{\"@type\":\"EntryPoint\",\"urlTemplate\":\"https:\/\/www.caleidoscope.se\/?s={search_term_string}\"},\"query-input\":\"required name=search_term_string\"}],\"inLanguage\":\"en-US\"}]}<\/script>\n<!-- \/ Yoast SEO plugin. -->","yoast_head_json":{"title":"N\u00f6dljus - N\u00f6dbelysning | Caleidoscope","description":"N\u00f6dbelysning \u00e4r en s\u00e4kerhetsprodukt skapad f\u00f6r att anv\u00e4ndas vid n\u00f6dsituationer och att r\u00e4dda liv. Det ska m\u00f6jligg\u00f6ra utrymning p\u00e5 s\u00e4kert s\u00e4tt.","robots":{"index":"index","follow":"follow","max-snippet":"max-snippet:-1","max-image-preview":"max-image-preview:large","max-video-preview":"max-video-preview:-1"},"canonical":"https:\/\/www.caleidoscope.se\/en\/products\/ligthing\/emergency-light\/","og_locale":"en_US","og_type":"article","og_title":"N\u00f6dljus - N\u00f6dbelysning | Caleidoscope","og_description":"N\u00f6dbelysning \u00e4r en s\u00e4kerhetsprodukt skapad f\u00f6r att anv\u00e4ndas vid n\u00f6dsituationer och att r\u00e4dda liv. Det ska m\u00f6jligg\u00f6ra utrymning p\u00e5 s\u00e4kert s\u00e4tt.","og_url":"https:\/\/www.caleidoscope.se\/en\/products\/ligthing\/emergency-light\/","article_modified_time":"2023-11-06T15:25:20+00:00","og_image":[{"width":600,"height":400,"url":"https:\/\/www.caleidoscope.se\/wp-content\/uploads\/2016\/09\/7340001_1.jpg","type":"image\/jpeg"}],"twitter_card":"summary_large_image","twitter_misc":{"Est. reading time":"1 minute"},"schema":{"@context":"https:\/\/schema.org","@graph":[{"@type":"WebPage","@id":"https:\/\/www.caleidoscope.se\/en\/products\/ligthing\/emergency-light\/","url":"https:\/\/www.caleidoscope.se\/en\/products\/ligthing\/emergency-light\/","name":"N\u00f6dljus - N\u00f6dbelysning | Caleidoscope","isPartOf":{"@id":"https:\/\/www.caleidoscope.se\/#website"},"datePublished":"2016-09-21T18:52:58+00:00","dateModified":"2023-11-06T15:25:20+00:00","description":"N\u00f6dbelysning \u00e4r en s\u00e4kerhetsprodukt skapad f\u00f6r att anv\u00e4ndas vid n\u00f6dsituationer och att r\u00e4dda liv. Det ska m\u00f6jligg\u00f6ra utrymning p\u00e5 s\u00e4kert s\u00e4tt.","breadcrumb":{"@id":"https:\/\/www.caleidoscope.se\/en\/products\/ligthing\/emergency-light\/#breadcrumb"},"inLanguage":"en-US","potentialAction":[{"@type":"ReadAction","target":["https:\/\/www.caleidoscope.se\/en\/products\/ligthing\/emergency-light\/"]}]},{"@type":"BreadcrumbList","@id":"https:\/\/www.caleidoscope.se\/en\/products\/ligthing\/emergency-light\/#breadcrumb","itemListElement":[{"@type":"ListItem","position":1,"name":"Hem","item":"https:\/\/www.caleidoscope.se\/en\/"},{"@type":"ListItem","position":2,"name":"Products","item":"https:\/\/www.caleidoscope.se\/en\/products\/"},{"@type":"ListItem","position":3,"name":"LIGHTING","item":"https:\/\/www.caleidoscope.se\/en\/products\/ligthing\/"},{"@type":"ListItem","position":4,"name":"Emergency light"}]},{"@type":"WebSite","@id":"https:\/\/www.caleidoscope.se\/#website","url":"https:\/\/www.caleidoscope.se\/","name":"","description":"","potentialAction":[{"@type":"SearchAction","target":{"@type":"EntryPoint","urlTemplate":"https:\/\/www.caleidoscope.se\/?s={search_term_string}"},"query-input":"required name=search_term_string"}],"inLanguage":"en-US"}]}},"_links":{"self":[{"href":"https:\/\/www.caleidoscope.se\/en\/wp-json\/wp\/v2\/pages\/6864"}],"collection":[{"href":"https:\/\/www.caleidoscope.se\/en\/wp-json\/wp\/v2\/pages"}],"about":[{"href":"https:\/\/www.caleidoscope.se\/en\/wp-json\/wp\/v2\/types\/page"}],"author":[{"embeddable":true,"href":"https:\/\/www.caleidoscope.se\/en\/wp-json\/wp\/v2\/users\/1"}],"replies":[{"embeddable":true,"href":"https:\/\/www.caleidoscope.se\/en\/wp-json\/wp\/v2\/comments?post=6864"}],"version-history":[{"count":2,"href":"https:\/\/www.caleidoscope.se\/en\/wp-json\/wp\/v2\/pages\/6864\/revisions"}],"predecessor-version":[{"id":7773,"href":"https:\/\/www.caleidoscope.se\/en\/wp-json\/wp\/v2\/pages\/6864\/revisions\/7773"}],"up":[{"embeddable":true,"href":"https:\/\/www.caleidoscope.se\/en\/wp-json\/wp\/v2\/pages\/6910"}],"wp:featuredmedia":[{"embeddable":true,"href":"https:\/\/www.caleidoscope.se\/en\/wp-json\/wp\/v2\/media\/4695"}],"wp:attachment":[{"href":"https:\/\/www.caleidoscope.se\/en\/wp-json\/wp\/v2\/media?parent=6864"}],"curies":[{"name":"wp","href":"https:\/\/api.w.org\/{rel}","templated":true}]}}