{"id":6909,"date":"2015-12-22T07:52:20","date_gmt":"2015-12-22T07:52:20","guid":{"rendered":"https:\/\/www.caleidoscope.se\/undertak\/"},"modified":"2025-03-24T12:22:24","modified_gmt":"2025-03-24T12:22:24","slug":"ceilings-2","status":"publish","type":"page","link":"https:\/\/www.caleidoscope.se\/en\/products\/ceilings-2\/","title":{"rendered":"SYSTEM"},"content":{"rendered":"<h1 style=\"text-align: center;\">Functional solutions and smart CEILINGS for<br \/>\ncommercial light and power system<\/h1>\n<p style=\"text-align: center;\">Caleidoscope offers a wide variety of functional systems and smart CEILING solutions (also called functional suspended grid ceilings or system ceilings). Caleidoscope&#8217;s DNA lies in our functional suspended square and linear grid\u00b4s with the associated lighting, but over the years we have broadened our scope and built up solutions for both expanded metal, acoustic suspended ceilings and aluminum grids.<\/p>\n<h1 style=\"text-align: center;\">GRID<br \/>\n<a href=\"https:\/\/www.caleidoscope.se\/en\/products\/ceilings-2\/fixpoint-100-80-2-2\/\"><img loading=\"lazy\" decoding=\"async\" class=\"alignleft size-full wp-image-8882\" src=\"https:\/\/www.caleidoscope.se\/wp-content\/uploads\/2024\/11\/GRID-scaled.jpg\" alt=\"\" width=\"2560\" height=\"1677\" srcset=\"https:\/\/www.caleidoscope.se\/wp-content\/uploads\/2024\/11\/GRID-scaled.jpg 2560w, https:\/\/www.caleidoscope.se\/wp-content\/uploads\/2024\/11\/GRID-300x197.jpg 300w, https:\/\/www.caleidoscope.se\/wp-content\/uploads\/2024\/11\/GRID-1024x671.jpg 1024w, https:\/\/www.caleidoscope.se\/wp-content\/uploads\/2024\/11\/GRID-768x503.jpg 768w, https:\/\/www.caleidoscope.se\/wp-content\/uploads\/2024\/11\/GRID-1536x1006.jpg 1536w, https:\/\/www.caleidoscope.se\/wp-content\/uploads\/2024\/11\/GRID-2048x1342.jpg 2048w, https:\/\/www.caleidoscope.se\/wp-content\/uploads\/2024\/11\/GRID-1200x786.jpg 1200w, https:\/\/www.caleidoscope.se\/wp-content\/uploads\/2024\/11\/GRID-342x224.jpg 342w\" sizes=\"(max-width: 709px) 85vw, (max-width: 909px) 67vw, (max-width: 1362px) 62vw, 840px\" \/><\/a><\/h1>\n<h1 style=\"text-align: center;\">LINE<br \/>\n<a href=\"https:\/\/www.caleidoscope.se\/en\/products\/ceilings-2\/fixpoint-line\/\"><img loading=\"lazy\" decoding=\"async\" class=\"alignleft size-full wp-image-8891\" src=\"https:\/\/www.caleidoscope.se\/wp-content\/uploads\/2024\/11\/LINE-scaled.jpg\" alt=\"\" width=\"2560\" height=\"1677\" srcset=\"https:\/\/www.caleidoscope.se\/wp-content\/uploads\/2024\/11\/LINE-scaled.jpg 2560w, https:\/\/www.caleidoscope.se\/wp-content\/uploads\/2024\/11\/LINE-300x197.jpg 300w, https:\/\/www.caleidoscope.se\/wp-content\/uploads\/2024\/11\/LINE-1024x671.jpg 1024w, https:\/\/www.caleidoscope.se\/wp-content\/uploads\/2024\/11\/LINE-768x503.jpg 768w, https:\/\/www.caleidoscope.se\/wp-content\/uploads\/2024\/11\/LINE-1536x1006.jpg 1536w, https:\/\/www.caleidoscope.se\/wp-content\/uploads\/2024\/11\/LINE-2048x1342.jpg 2048w, https:\/\/www.caleidoscope.se\/wp-content\/uploads\/2024\/11\/LINE-1200x786.jpg 1200w, https:\/\/www.caleidoscope.se\/wp-content\/uploads\/2024\/11\/LINE-342x224.jpg 342w\" sizes=\"(max-width: 709px) 85vw, (max-width: 909px) 67vw, (max-width: 1362px) 62vw, 840px\" \/><\/a><\/h1>\n<p>&nbsp;<\/p>\n<h1 style=\"text-align: center;\">TRACK<br \/>\n<a href=\"https:\/\/www.caleidoscope.se\/en\/products\/ceilings-2\/3-fas-skensystem\/\"><img loading=\"lazy\" decoding=\"async\" class=\"alignleft size-full wp-image-8879\" src=\"https:\/\/www.caleidoscope.se\/wp-content\/uploads\/2024\/11\/TRACK-scaled.jpg\" alt=\"\" width=\"2560\" height=\"1677\" srcset=\"https:\/\/www.caleidoscope.se\/wp-content\/uploads\/2024\/11\/TRACK-scaled.jpg 2560w, https:\/\/www.caleidoscope.se\/wp-content\/uploads\/2024\/11\/TRACK-300x197.jpg 300w, https:\/\/www.caleidoscope.se\/wp-content\/uploads\/2024\/11\/TRACK-1024x671.jpg 1024w, https:\/\/www.caleidoscope.se\/wp-content\/uploads\/2024\/11\/TRACK-768x503.jpg 768w, https:\/\/www.caleidoscope.se\/wp-content\/uploads\/2024\/11\/TRACK-1536x1006.jpg 1536w, https:\/\/www.caleidoscope.se\/wp-content\/uploads\/2024\/11\/TRACK-2048x1342.jpg 2048w, https:\/\/www.caleidoscope.se\/wp-content\/uploads\/2024\/11\/TRACK-1200x786.jpg 1200w, https:\/\/www.caleidoscope.se\/wp-content\/uploads\/2024\/11\/TRACK-342x224.jpg 342w\" sizes=\"(max-width: 709px) 85vw, (max-width: 909px) 67vw, (max-width: 1362px) 62vw, 840px\" \/><\/a><\/h1>\n<h1 style=\"text-align: center;\"><\/h1>\n<p>&nbsp;<\/p>\n","protected":false},"excerpt":{"rendered":"<p>Functional solutions and smart CEILINGS for commercial light and power system Caleidoscope offers a wide variety of functional systems and smart CEILING solutions (also called functional suspended grid ceilings or system ceilings). Caleidoscope&#8217;s DNA lies in our functional suspended square and linear grid\u00b4s with the associated lighting, but over the years we have broadened our &hellip; <a href=\"https:\/\/www.caleidoscope.se\/en\/products\/ceilings-2\/\" class=\"more-link\">Continue reading<span class=\"screen-reader-text\"> &#8220;SYSTEM&#8221;<\/span><\/a><\/p>\n","protected":false},"author":1,"featured_media":7885,"parent":6913,"menu_order":2,"comment_status":"closed","ping_status":"closed","template":"inc\/undertak.php","meta":{"footnotes":""},"acf":[],"yoast_head":"<!-- This site is optimized with the Yoast SEO plugin v21.5 - https:\/\/yoast.com\/wordpress\/plugins\/seo\/ -->\n<title>Undertak - L\u00f6sningar f\u00f6r ljus, tak &amp; el | Caleidoscope<\/title>\n<meta name=\"description\" content=\"Caleidoscope levererar egendesignade undertak till butiker och offentliga milj\u00f6er. Planera ljus, ljud &amp; s\u00e4ljkommunikation med v\u00e5ra ledande l\u00f6sningar!\" \/>\n<meta name=\"robots\" content=\"index, follow, max-snippet:-1, max-image-preview:large, max-video-preview:-1\" \/>\n<link rel=\"canonical\" href=\"https:\/\/www.caleidoscope.se\/en\/products\/ceilings-2\/\" \/>\n<meta property=\"og:locale\" content=\"en_US\" \/>\n<meta property=\"og:type\" content=\"article\" \/>\n<meta property=\"og:title\" content=\"Undertak - L\u00f6sningar f\u00f6r ljus, tak &amp; el | Caleidoscope\" \/>\n<meta property=\"og:description\" content=\"Caleidoscope levererar egendesignade undertak till butiker och offentliga milj\u00f6er. Planera ljus, ljud &amp; s\u00e4ljkommunikation med v\u00e5ra ledande l\u00f6sningar!\" \/>\n<meta property=\"og:url\" content=\"https:\/\/www.caleidoscope.se\/en\/products\/ceilings-2\/\" \/>\n<meta property=\"article:modified_time\" content=\"2025-03-24T12:22:24+00:00\" \/>\n<meta property=\"og:image\" content=\"https:\/\/www.caleidoscope.se\/wp-content\/uploads\/2024\/01\/fixpoint_knupunkt.jpg\" \/>\n\t<meta property=\"og:image:width\" content=\"1872\" \/>\n\t<meta property=\"og:image:height\" content=\"1872\" \/>\n\t<meta property=\"og:image:type\" content=\"image\/jpeg\" \/>\n<meta name=\"twitter:card\" content=\"summary_large_image\" \/>\n<meta name=\"twitter:label1\" content=\"Est. reading time\" \/>\n\t<meta name=\"twitter:data1\" content=\"1 minute\" \/>\n<script type=\"application\/ld+json\" class=\"yoast-schema-graph\">{\"@context\":\"https:\/\/schema.org\",\"@graph\":[{\"@type\":\"WebPage\",\"@id\":\"https:\/\/www.caleidoscope.se\/en\/products\/ceilings-2\/\",\"url\":\"https:\/\/www.caleidoscope.se\/en\/products\/ceilings-2\/\",\"name\":\"Undertak - L\u00f6sningar f\u00f6r ljus, tak & el | Caleidoscope\",\"isPartOf\":{\"@id\":\"https:\/\/www.caleidoscope.se\/#website\"},\"datePublished\":\"2015-12-22T07:52:20+00:00\",\"dateModified\":\"2025-03-24T12:22:24+00:00\",\"description\":\"Caleidoscope levererar egendesignade undertak till butiker och offentliga milj\u00f6er. Planera ljus, ljud & s\u00e4ljkommunikation med v\u00e5ra ledande l\u00f6sningar!\",\"breadcrumb\":{\"@id\":\"https:\/\/www.caleidoscope.se\/en\/products\/ceilings-2\/#breadcrumb\"},\"inLanguage\":\"en-US\",\"potentialAction\":[{\"@type\":\"ReadAction\",\"target\":[\"https:\/\/www.caleidoscope.se\/en\/products\/ceilings-2\/\"]}]},{\"@type\":\"BreadcrumbList\",\"@id\":\"https:\/\/www.caleidoscope.se\/en\/products\/ceilings-2\/#breadcrumb\",\"itemListElement\":[{\"@type\":\"ListItem\",\"position\":1,\"name\":\"Hem\",\"item\":\"https:\/\/www.caleidoscope.se\/en\/\"},{\"@type\":\"ListItem\",\"position\":2,\"name\":\"Products\",\"item\":\"https:\/\/www.caleidoscope.se\/en\/products\/\"},{\"@type\":\"ListItem\",\"position\":3,\"name\":\"SYSTEM\"}]},{\"@type\":\"WebSite\",\"@id\":\"https:\/\/www.caleidoscope.se\/#website\",\"url\":\"https:\/\/www.caleidoscope.se\/\",\"name\":\"\",\"description\":\"\",\"potentialAction\":[{\"@type\":\"SearchAction\",\"target\":{\"@type\":\"EntryPoint\",\"urlTemplate\":\"https:\/\/www.caleidoscope.se\/?s={search_term_string}\"},\"query-input\":\"required name=search_term_string\"}],\"inLanguage\":\"en-US\"}]}<\/script>\n<!-- \/ Yoast SEO plugin. -->","yoast_head_json":{"title":"Undertak - L\u00f6sningar f\u00f6r ljus, tak & el | Caleidoscope","description":"Caleidoscope levererar egendesignade undertak till butiker och offentliga milj\u00f6er. Planera ljus, ljud & s\u00e4ljkommunikation med v\u00e5ra ledande l\u00f6sningar!","robots":{"index":"index","follow":"follow","max-snippet":"max-snippet:-1","max-image-preview":"max-image-preview:large","max-video-preview":"max-video-preview:-1"},"canonical":"https:\/\/www.caleidoscope.se\/en\/products\/ceilings-2\/","og_locale":"en_US","og_type":"article","og_title":"Undertak - L\u00f6sningar f\u00f6r ljus, tak & el | Caleidoscope","og_description":"Caleidoscope levererar egendesignade undertak till butiker och offentliga milj\u00f6er. Planera ljus, ljud & s\u00e4ljkommunikation med v\u00e5ra ledande l\u00f6sningar!","og_url":"https:\/\/www.caleidoscope.se\/en\/products\/ceilings-2\/","article_modified_time":"2025-03-24T12:22:24+00:00","og_image":[{"width":1872,"height":1872,"url":"https:\/\/www.caleidoscope.se\/wp-content\/uploads\/2024\/01\/fixpoint_knupunkt.jpg","type":"image\/jpeg"}],"twitter_card":"summary_large_image","twitter_misc":{"Est. reading time":"1 minute"},"schema":{"@context":"https:\/\/schema.org","@graph":[{"@type":"WebPage","@id":"https:\/\/www.caleidoscope.se\/en\/products\/ceilings-2\/","url":"https:\/\/www.caleidoscope.se\/en\/products\/ceilings-2\/","name":"Undertak - L\u00f6sningar f\u00f6r ljus, tak & el | Caleidoscope","isPartOf":{"@id":"https:\/\/www.caleidoscope.se\/#website"},"datePublished":"2015-12-22T07:52:20+00:00","dateModified":"2025-03-24T12:22:24+00:00","description":"Caleidoscope levererar egendesignade undertak till butiker och offentliga milj\u00f6er. Planera ljus, ljud & s\u00e4ljkommunikation med v\u00e5ra ledande l\u00f6sningar!","breadcrumb":{"@id":"https:\/\/www.caleidoscope.se\/en\/products\/ceilings-2\/#breadcrumb"},"inLanguage":"en-US","potentialAction":[{"@type":"ReadAction","target":["https:\/\/www.caleidoscope.se\/en\/products\/ceilings-2\/"]}]},{"@type":"BreadcrumbList","@id":"https:\/\/www.caleidoscope.se\/en\/products\/ceilings-2\/#breadcrumb","itemListElement":[{"@type":"ListItem","position":1,"name":"Hem","item":"https:\/\/www.caleidoscope.se\/en\/"},{"@type":"ListItem","position":2,"name":"Products","item":"https:\/\/www.caleidoscope.se\/en\/products\/"},{"@type":"ListItem","position":3,"name":"SYSTEM"}]},{"@type":"WebSite","@id":"https:\/\/www.caleidoscope.se\/#website","url":"https:\/\/www.caleidoscope.se\/","name":"","description":"","potentialAction":[{"@type":"SearchAction","target":{"@type":"EntryPoint","urlTemplate":"https:\/\/www.caleidoscope.se\/?s={search_term_string}"},"query-input":"required name=search_term_string"}],"inLanguage":"en-US"}]}},"_links":{"self":[{"href":"https:\/\/www.caleidoscope.se\/en\/wp-json\/wp\/v2\/pages\/6909"}],"collection":[{"href":"https:\/\/www.caleidoscope.se\/en\/wp-json\/wp\/v2\/pages"}],"about":[{"href":"https:\/\/www.caleidoscope.se\/en\/wp-json\/wp\/v2\/types\/page"}],"author":[{"embeddable":true,"href":"https:\/\/www.caleidoscope.se\/en\/wp-json\/wp\/v2\/users\/1"}],"replies":[{"embeddable":true,"href":"https:\/\/www.caleidoscope.se\/en\/wp-json\/wp\/v2\/comments?post=6909"}],"version-history":[{"count":11,"href":"https:\/\/www.caleidoscope.se\/en\/wp-json\/wp\/v2\/pages\/6909\/revisions"}],"predecessor-version":[{"id":9322,"href":"https:\/\/www.caleidoscope.se\/en\/wp-json\/wp\/v2\/pages\/6909\/revisions\/9322"}],"up":[{"embeddable":true,"href":"https:\/\/www.caleidoscope.se\/en\/wp-json\/wp\/v2\/pages\/6913"}],"wp:featuredmedia":[{"embeddable":true,"href":"https:\/\/www.caleidoscope.se\/en\/wp-json\/wp\/v2\/media\/7885"}],"wp:attachment":[{"href":"https:\/\/www.caleidoscope.se\/en\/wp-json\/wp\/v2\/media?parent=6909"}],"curies":[{"name":"wp","href":"https:\/\/api.w.org\/{rel}","templated":true}]}}