{"id":6910,"date":"2015-12-22T07:52:02","date_gmt":"2015-12-22T07:52:02","guid":{"rendered":"https:\/\/www.caleidoscope.se\/belysning\/"},"modified":"2024-11-21T12:35:46","modified_gmt":"2024-11-21T12:35:46","slug":"ligthing","status":"publish","type":"page","link":"https:\/\/www.caleidoscope.se\/en\/products\/ligthing\/","title":{"rendered":"LIGHTING"},"content":{"rendered":"<span><a onclick=\"read_toggle(1793427841, '', ''); return false;\" class=\"read-link\" id=\"readlink1793427841\" style=\"readlink\" href=\"#\"><\/a><\/span>\n<div class=\"read_div\" id=\"read1793427841\" style=\"display: none;\"><br \/>\n<strong>Belysningsl\u00f6sningar<\/strong><\/p>\n<p>Vi p\u00e5 Caleidoscope erbjuder en rad olika belysningsl\u00f6sningar med fokus p\u00e5 butiksbelysning. V\u00e5rt expertisomr\u00e5de \u00e4r att skapa inspirerande och s\u00e4ljande butiksmilj\u00f6er. Butiker med en behaglig atmosf\u00e4r som s\u00e4tter kundens produkter i fokus. Vi \u00e4r \u00f6vertygade om att belysningen s\u00e4tter ton p\u00e5 butiken och \u00e4r av stor betydelse f\u00f6r vilken sinnesst\u00e4mning kunden hamnar i. I butiksmilj\u00f6er vill du givetvis skapa en omgivning som inspirerar konsumenten och skapar k\u00f6pbehov.<br \/>\nMed ett stort utbud av olika belysningssystem och v\u00e5rt kreativa team skapar vi anpassade milj\u00f6er utifr\u00e5n kundens koncept och behov.<\/p>\n<p>&nbsp;<\/p>\n<h4><strong>Olika belysningsl\u00f6sningar<\/strong><\/h4>\n<p>Vi erbjuder v\u00e5ra kunder smarta belysningssystem som \u00e4r ekonomiska och h\u00e5llbara. Belysningsl\u00f6sningar som \u00e4r tillverkade utifr\u00e5n ett milj\u00f6v\u00e4nligt perspektiv med energieffektiva l\u00f6sningar. V\u00e5rt sortiment \u00e4r v\u00e4l utvalt i h\u00e4nsyn till v\u00e5r m\u00e5lgrupp dvs retail, dagligvaruhandel och andra butiker. V\u00e5ra produkter \u00e4r fr\u00e4mst utvalda fr\u00e5n ett ekonomiskt, h\u00e5llbart och visuellt perspektiv f\u00f6r att motsvara v\u00e5ra kunders behov.<\/p>\n<p>Med v\u00e5rt breda sortiment kan vi tillgodose de flesta \u00f6nskem\u00e5l och koncept fr\u00e5n v\u00e5ra kunder. Vi har belysningssystem f\u00f6r flertal olika undertak och ljusk\u00e4llor i olika utf\u00f6rande. Caleidoscope arbetar f\u00f6r h\u00e5llbara l\u00f6sningar och ett snyggt resultat och tillsammans med v\u00e5ra kunder skapar vi milj\u00f6er i h\u00f6g klass.<br \/>\n<\/div>\n","protected":false},"excerpt":{"rendered":"","protected":false},"author":1,"featured_media":0,"parent":6913,"menu_order":2,"comment_status":"closed","ping_status":"closed","template":"inc\/product-child.php","meta":{"footnotes":""},"acf":[],"yoast_head":"<!-- This site is optimized with the Yoast SEO plugin v21.5 - https:\/\/yoast.com\/wordpress\/plugins\/seo\/ -->\n<title>Belysningsprodukter | Caleidoscope<\/title>\n<meta name=\"robots\" content=\"index, follow, max-snippet:-1, max-image-preview:large, max-video-preview:-1\" \/>\n<link rel=\"canonical\" href=\"https:\/\/www.caleidoscope.se\/en\/products\/ligthing\/\" \/>\n<meta property=\"og:locale\" content=\"en_US\" \/>\n<meta property=\"og:type\" content=\"article\" \/>\n<meta property=\"og:title\" content=\"Belysningsprodukter | Caleidoscope\" \/>\n<meta property=\"og:url\" content=\"https:\/\/www.caleidoscope.se\/en\/products\/ligthing\/\" \/>\n<meta property=\"article:modified_time\" content=\"2024-11-21T12:35:46+00:00\" \/>\n<meta name=\"twitter:card\" content=\"summary_large_image\" \/>\n<meta name=\"twitter:label1\" content=\"Est. reading time\" \/>\n\t<meta name=\"twitter:data1\" content=\"1 minute\" \/>\n<script type=\"application\/ld+json\" class=\"yoast-schema-graph\">{\"@context\":\"https:\/\/schema.org\",\"@graph\":[{\"@type\":\"WebPage\",\"@id\":\"https:\/\/www.caleidoscope.se\/en\/products\/ligthing\/\",\"url\":\"https:\/\/www.caleidoscope.se\/en\/products\/ligthing\/\",\"name\":\"Belysningsprodukter | Caleidoscope\",\"isPartOf\":{\"@id\":\"https:\/\/www.caleidoscope.se\/#website\"},\"datePublished\":\"2015-12-22T07:52:02+00:00\",\"dateModified\":\"2024-11-21T12:35:46+00:00\",\"breadcrumb\":{\"@id\":\"https:\/\/www.caleidoscope.se\/en\/products\/ligthing\/#breadcrumb\"},\"inLanguage\":\"en-US\",\"potentialAction\":[{\"@type\":\"ReadAction\",\"target\":[\"https:\/\/www.caleidoscope.se\/en\/products\/ligthing\/\"]}]},{\"@type\":\"BreadcrumbList\",\"@id\":\"https:\/\/www.caleidoscope.se\/en\/products\/ligthing\/#breadcrumb\",\"itemListElement\":[{\"@type\":\"ListItem\",\"position\":1,\"name\":\"Hem\",\"item\":\"https:\/\/www.caleidoscope.se\/en\/\"},{\"@type\":\"ListItem\",\"position\":2,\"name\":\"Products\",\"item\":\"https:\/\/www.caleidoscope.se\/en\/products\/\"},{\"@type\":\"ListItem\",\"position\":3,\"name\":\"LIGHTING\"}]},{\"@type\":\"WebSite\",\"@id\":\"https:\/\/www.caleidoscope.se\/#website\",\"url\":\"https:\/\/www.caleidoscope.se\/\",\"name\":\"\",\"description\":\"\",\"potentialAction\":[{\"@type\":\"SearchAction\",\"target\":{\"@type\":\"EntryPoint\",\"urlTemplate\":\"https:\/\/www.caleidoscope.se\/?s={search_term_string}\"},\"query-input\":\"required name=search_term_string\"}],\"inLanguage\":\"en-US\"}]}<\/script>\n<!-- \/ Yoast SEO plugin. -->","yoast_head_json":{"title":"Belysningsprodukter | Caleidoscope","robots":{"index":"index","follow":"follow","max-snippet":"max-snippet:-1","max-image-preview":"max-image-preview:large","max-video-preview":"max-video-preview:-1"},"canonical":"https:\/\/www.caleidoscope.se\/en\/products\/ligthing\/","og_locale":"en_US","og_type":"article","og_title":"Belysningsprodukter | Caleidoscope","og_url":"https:\/\/www.caleidoscope.se\/en\/products\/ligthing\/","article_modified_time":"2024-11-21T12:35:46+00:00","twitter_card":"summary_large_image","twitter_misc":{"Est. reading time":"1 minute"},"schema":{"@context":"https:\/\/schema.org","@graph":[{"@type":"WebPage","@id":"https:\/\/www.caleidoscope.se\/en\/products\/ligthing\/","url":"https:\/\/www.caleidoscope.se\/en\/products\/ligthing\/","name":"Belysningsprodukter | Caleidoscope","isPartOf":{"@id":"https:\/\/www.caleidoscope.se\/#website"},"datePublished":"2015-12-22T07:52:02+00:00","dateModified":"2024-11-21T12:35:46+00:00","breadcrumb":{"@id":"https:\/\/www.caleidoscope.se\/en\/products\/ligthing\/#breadcrumb"},"inLanguage":"en-US","potentialAction":[{"@type":"ReadAction","target":["https:\/\/www.caleidoscope.se\/en\/products\/ligthing\/"]}]},{"@type":"BreadcrumbList","@id":"https:\/\/www.caleidoscope.se\/en\/products\/ligthing\/#breadcrumb","itemListElement":[{"@type":"ListItem","position":1,"name":"Hem","item":"https:\/\/www.caleidoscope.se\/en\/"},{"@type":"ListItem","position":2,"name":"Products","item":"https:\/\/www.caleidoscope.se\/en\/products\/"},{"@type":"ListItem","position":3,"name":"LIGHTING"}]},{"@type":"WebSite","@id":"https:\/\/www.caleidoscope.se\/#website","url":"https:\/\/www.caleidoscope.se\/","name":"","description":"","potentialAction":[{"@type":"SearchAction","target":{"@type":"EntryPoint","urlTemplate":"https:\/\/www.caleidoscope.se\/?s={search_term_string}"},"query-input":"required name=search_term_string"}],"inLanguage":"en-US"}]}},"_links":{"self":[{"href":"https:\/\/www.caleidoscope.se\/en\/wp-json\/wp\/v2\/pages\/6910"}],"collection":[{"href":"https:\/\/www.caleidoscope.se\/en\/wp-json\/wp\/v2\/pages"}],"about":[{"href":"https:\/\/www.caleidoscope.se\/en\/wp-json\/wp\/v2\/types\/page"}],"author":[{"embeddable":true,"href":"https:\/\/www.caleidoscope.se\/en\/wp-json\/wp\/v2\/users\/1"}],"replies":[{"embeddable":true,"href":"https:\/\/www.caleidoscope.se\/en\/wp-json\/wp\/v2\/comments?post=6910"}],"version-history":[{"count":2,"href":"https:\/\/www.caleidoscope.se\/en\/wp-json\/wp\/v2\/pages\/6910\/revisions"}],"predecessor-version":[{"id":7134,"href":"https:\/\/www.caleidoscope.se\/en\/wp-json\/wp\/v2\/pages\/6910\/revisions\/7134"}],"up":[{"embeddable":true,"href":"https:\/\/www.caleidoscope.se\/en\/wp-json\/wp\/v2\/pages\/6913"}],"wp:attachment":[{"href":"https:\/\/www.caleidoscope.se\/en\/wp-json\/wp\/v2\/media?parent=6910"}],"curies":[{"name":"wp","href":"https:\/\/api.w.org\/{rel}","templated":true}]}}