{"id":6913,"date":"2015-12-22T07:26:00","date_gmt":"2015-12-22T07:26:00","guid":{"rendered":"https:\/\/www.caleidoscope.se\/produkter\/"},"modified":"2024-11-18T11:56:11","modified_gmt":"2024-11-18T11:56:11","slug":"products","status":"publish","type":"page","link":"https:\/\/www.caleidoscope.se\/en\/products\/","title":{"rendered":"Products"},"content":{"rendered":"<span><a onclick=\"read_toggle(1555487161, '', ''); return false;\" class=\"read-link\" id=\"readlink1555487161\" style=\"readlink\" href=\"#\"><\/a><\/span>\n<div class=\"read_div\" id=\"read1555487161\" style=\"display: none;\"><\/p>\n<p>An extremely important part of a store and its design is its lighting. Store lighting should create a certain atmosphere and attract purchases by highlighting the products and thus capturing the customer&#8217;s attention and interest. By pointing a spotlight at a sales island, sales of the products on it can increase significantly.<\/p>\n<p>We offer complete solutions based on our customers&#8217; wishes, and help from start to finish regarding your store lighting. We have extensive knowledge of lighting planning and store lighting and help with planning, assembly, lighting and later training your staff in your new lighting solution. Store lighting can be advantageously combined with one of our suspended ceilings, which make it possible to move and change the focus with the help of lighting in a simple and convenient way. In shop lighting, 2 different types of light sources are usually used, linear LED luminaires and some type of spotlight.<\/p>\n<p>We design luminaires based on the latest LED technology, which results in low operating costs and a long service life. Our self-designed luminaires are produced based on the best solution regarding appearance and materials, where for example metal as a material helps to cool down the LED chip in the luminaire. A new technology in store lighting that we use is Below BBL. This new technology provides a light that results in stronger, deeper, colors and crisper white shades and thus highlights the products in a new way.<br \/>\n<\/div>\n","protected":false},"excerpt":{"rendered":"","protected":false},"author":1,"featured_media":0,"parent":0,"menu_order":2,"comment_status":"closed","ping_status":"closed","template":"inc\/product.php","meta":{"footnotes":""},"acf":[],"yoast_head":"<!-- This site is optimized with the Yoast SEO plugin v21.5 - https:\/\/yoast.com\/wordpress\/plugins\/seo\/ -->\n<title>Belysningsprodukter - Helhetsl\u00f6sningar | Caleidoscope<\/title>\n<meta name=\"description\" content=\"Vi erbjuder helhetsl\u00f6sningar baserat p\u00e5 v\u00e5ra kunders \u00f6nskem\u00e5l. Pendelarmaturer \u2713 System \u2713 F\u00f6r undertak \u2713 El- och skensystem \u2713. Se v\u00e5ra produkter h\u00e4r!\" \/>\n<meta name=\"robots\" content=\"index, follow, max-snippet:-1, max-image-preview:large, max-video-preview:-1\" \/>\n<link rel=\"canonical\" href=\"https:\/\/www.caleidoscope.se\/en\/products\/\" \/>\n<meta property=\"og:locale\" content=\"en_US\" \/>\n<meta property=\"og:type\" content=\"article\" \/>\n<meta property=\"og:title\" content=\"Belysningsprodukter - Helhetsl\u00f6sningar | Caleidoscope\" \/>\n<meta property=\"og:description\" content=\"Vi erbjuder helhetsl\u00f6sningar baserat p\u00e5 v\u00e5ra kunders \u00f6nskem\u00e5l. Pendelarmaturer \u2713 System \u2713 F\u00f6r undertak \u2713 El- och skensystem \u2713. Se v\u00e5ra produkter h\u00e4r!\" \/>\n<meta property=\"og:url\" content=\"https:\/\/www.caleidoscope.se\/en\/products\/\" \/>\n<meta property=\"article:modified_time\" content=\"2024-11-18T11:56:11+00:00\" \/>\n<meta name=\"twitter:card\" content=\"summary_large_image\" \/>\n<meta name=\"twitter:label1\" content=\"Est. reading time\" \/>\n\t<meta name=\"twitter:data1\" content=\"2 minutes\" \/>\n<script type=\"application\/ld+json\" class=\"yoast-schema-graph\">{\"@context\":\"https:\/\/schema.org\",\"@graph\":[{\"@type\":\"WebPage\",\"@id\":\"https:\/\/www.caleidoscope.se\/en\/products\/\",\"url\":\"https:\/\/www.caleidoscope.se\/en\/products\/\",\"name\":\"Belysningsprodukter - Helhetsl\u00f6sningar | Caleidoscope\",\"isPartOf\":{\"@id\":\"https:\/\/www.caleidoscope.se\/#website\"},\"datePublished\":\"2015-12-22T07:26:00+00:00\",\"dateModified\":\"2024-11-18T11:56:11+00:00\",\"description\":\"Vi erbjuder helhetsl\u00f6sningar baserat p\u00e5 v\u00e5ra kunders \u00f6nskem\u00e5l. Pendelarmaturer \u2713 System \u2713 F\u00f6r undertak \u2713 El- och skensystem \u2713. Se v\u00e5ra produkter h\u00e4r!\",\"breadcrumb\":{\"@id\":\"https:\/\/www.caleidoscope.se\/en\/products\/#breadcrumb\"},\"inLanguage\":\"en-US\",\"potentialAction\":[{\"@type\":\"ReadAction\",\"target\":[\"https:\/\/www.caleidoscope.se\/en\/products\/\"]}]},{\"@type\":\"BreadcrumbList\",\"@id\":\"https:\/\/www.caleidoscope.se\/en\/products\/#breadcrumb\",\"itemListElement\":[{\"@type\":\"ListItem\",\"position\":1,\"name\":\"Hem\",\"item\":\"https:\/\/www.caleidoscope.se\/en\/\"},{\"@type\":\"ListItem\",\"position\":2,\"name\":\"Products\"}]},{\"@type\":\"WebSite\",\"@id\":\"https:\/\/www.caleidoscope.se\/#website\",\"url\":\"https:\/\/www.caleidoscope.se\/\",\"name\":\"\",\"description\":\"\",\"potentialAction\":[{\"@type\":\"SearchAction\",\"target\":{\"@type\":\"EntryPoint\",\"urlTemplate\":\"https:\/\/www.caleidoscope.se\/?s={search_term_string}\"},\"query-input\":\"required name=search_term_string\"}],\"inLanguage\":\"en-US\"}]}<\/script>\n<!-- \/ Yoast SEO plugin. -->","yoast_head_json":{"title":"Belysningsprodukter - Helhetsl\u00f6sningar | Caleidoscope","description":"Vi erbjuder helhetsl\u00f6sningar baserat p\u00e5 v\u00e5ra kunders \u00f6nskem\u00e5l. Pendelarmaturer \u2713 System \u2713 F\u00f6r undertak \u2713 El- och skensystem \u2713. Se v\u00e5ra produkter h\u00e4r!","robots":{"index":"index","follow":"follow","max-snippet":"max-snippet:-1","max-image-preview":"max-image-preview:large","max-video-preview":"max-video-preview:-1"},"canonical":"https:\/\/www.caleidoscope.se\/en\/products\/","og_locale":"en_US","og_type":"article","og_title":"Belysningsprodukter - Helhetsl\u00f6sningar | Caleidoscope","og_description":"Vi erbjuder helhetsl\u00f6sningar baserat p\u00e5 v\u00e5ra kunders \u00f6nskem\u00e5l. Pendelarmaturer \u2713 System \u2713 F\u00f6r undertak \u2713 El- och skensystem \u2713. Se v\u00e5ra produkter h\u00e4r!","og_url":"https:\/\/www.caleidoscope.se\/en\/products\/","article_modified_time":"2024-11-18T11:56:11+00:00","twitter_card":"summary_large_image","twitter_misc":{"Est. reading time":"2 minutes"},"schema":{"@context":"https:\/\/schema.org","@graph":[{"@type":"WebPage","@id":"https:\/\/www.caleidoscope.se\/en\/products\/","url":"https:\/\/www.caleidoscope.se\/en\/products\/","name":"Belysningsprodukter - Helhetsl\u00f6sningar | Caleidoscope","isPartOf":{"@id":"https:\/\/www.caleidoscope.se\/#website"},"datePublished":"2015-12-22T07:26:00+00:00","dateModified":"2024-11-18T11:56:11+00:00","description":"Vi erbjuder helhetsl\u00f6sningar baserat p\u00e5 v\u00e5ra kunders \u00f6nskem\u00e5l. Pendelarmaturer \u2713 System \u2713 F\u00f6r undertak \u2713 El- och skensystem \u2713. Se v\u00e5ra produkter h\u00e4r!","breadcrumb":{"@id":"https:\/\/www.caleidoscope.se\/en\/products\/#breadcrumb"},"inLanguage":"en-US","potentialAction":[{"@type":"ReadAction","target":["https:\/\/www.caleidoscope.se\/en\/products\/"]}]},{"@type":"BreadcrumbList","@id":"https:\/\/www.caleidoscope.se\/en\/products\/#breadcrumb","itemListElement":[{"@type":"ListItem","position":1,"name":"Hem","item":"https:\/\/www.caleidoscope.se\/en\/"},{"@type":"ListItem","position":2,"name":"Products"}]},{"@type":"WebSite","@id":"https:\/\/www.caleidoscope.se\/#website","url":"https:\/\/www.caleidoscope.se\/","name":"","description":"","potentialAction":[{"@type":"SearchAction","target":{"@type":"EntryPoint","urlTemplate":"https:\/\/www.caleidoscope.se\/?s={search_term_string}"},"query-input":"required name=search_term_string"}],"inLanguage":"en-US"}]}},"_links":{"self":[{"href":"https:\/\/www.caleidoscope.se\/en\/wp-json\/wp\/v2\/pages\/6913"}],"collection":[{"href":"https:\/\/www.caleidoscope.se\/en\/wp-json\/wp\/v2\/pages"}],"about":[{"href":"https:\/\/www.caleidoscope.se\/en\/wp-json\/wp\/v2\/types\/page"}],"author":[{"embeddable":true,"href":"https:\/\/www.caleidoscope.se\/en\/wp-json\/wp\/v2\/users\/1"}],"replies":[{"embeddable":true,"href":"https:\/\/www.caleidoscope.se\/en\/wp-json\/wp\/v2\/comments?post=6913"}],"version-history":[{"count":1,"href":"https:\/\/www.caleidoscope.se\/en\/wp-json\/wp\/v2\/pages\/6913\/revisions"}],"predecessor-version":[{"id":7132,"href":"https:\/\/www.caleidoscope.se\/en\/wp-json\/wp\/v2\/pages\/6913\/revisions\/7132"}],"wp:attachment":[{"href":"https:\/\/www.caleidoscope.se\/en\/wp-json\/wp\/v2\/media?parent=6913"}],"curies":[{"name":"wp","href":"https:\/\/api.w.org\/{rel}","templated":true}]}}