{"id":8684,"date":"2024-10-10T13:27:22","date_gmt":"2024-10-10T13:27:22","guid":{"rendered":"https:\/\/www.caleidoscope.se\/?page_id=8684"},"modified":"2024-11-04T11:34:58","modified_gmt":"2024-11-04T11:34:58","slug":"ceilings","status":"publish","type":"page","link":"https:\/\/www.caleidoscope.se\/en\/products\/ceilings-2\/ceilings\/","title":{"rendered":"CEILINGS"},"content":{"rendered":"<h1 style=\"text-align: center;\">CEILINGS<\/h1>\n<p style=\"text-align: center;\"><img loading=\"lazy\" decoding=\"async\" class=\"alignleft size-full wp-image-8689\" src=\"https:\/\/www.caleidoscope.se\/wp-content\/uploads\/2024\/10\/zeekr.jpg\" alt=\"\" width=\"1840\" height=\"1228\" srcset=\"https:\/\/www.caleidoscope.se\/wp-content\/uploads\/2024\/10\/zeekr.jpg 1840w, https:\/\/www.caleidoscope.se\/wp-content\/uploads\/2024\/10\/zeekr-300x200.jpg 300w, https:\/\/www.caleidoscope.se\/wp-content\/uploads\/2024\/10\/zeekr-1024x683.jpg 1024w, https:\/\/www.caleidoscope.se\/wp-content\/uploads\/2024\/10\/zeekr-768x513.jpg 768w, https:\/\/www.caleidoscope.se\/wp-content\/uploads\/2024\/10\/zeekr-1536x1025.jpg 1536w, https:\/\/www.caleidoscope.se\/wp-content\/uploads\/2024\/10\/zeekr-1200x801.jpg 1200w, https:\/\/www.caleidoscope.se\/wp-content\/uploads\/2024\/10\/zeekr-342x228.jpg 342w\" sizes=\"(max-width: 709px) 85vw, (max-width: 909px) 67vw, (max-width: 1362px) 62vw, 840px\" \/>Caleidoscope offers a wide variety of different suspended ceilings for both design and acoustic requirements. We manufacture acoustic suspended ceilings in recycled PET fiber as well as metal suspended ceilings in expanded metal and various types of aluminum grids.<\/p>\n","protected":false},"excerpt":{"rendered":"<p>CEILINGS Caleidoscope offers a wide variety of different suspended ceilings for both design and acoustic requirements. We manufacture acoustic suspended ceilings in recycled PET fiber as well as metal suspended ceilings in expanded metal and various types of aluminum grids.<\/p>\n","protected":false},"author":1,"featured_media":0,"parent":6909,"menu_order":3,"comment_status":"closed","ping_status":"closed","template":"inc\/undertak.php","meta":{"footnotes":""},"acf":[],"yoast_head":"<!-- This site is optimized with the Yoast SEO plugin v21.5 - https:\/\/yoast.com\/wordpress\/plugins\/seo\/ -->\n<title>Undertak - L\u00f6sningar f\u00f6r ljus, tak &amp; el | Caleidoscope<\/title>\n<meta name=\"description\" content=\"Caleidoscope levererar egendesignade undertak till butiker och offentliga milj\u00f6er. Planera ljus, ljud &amp; s\u00e4ljkommunikation med v\u00e5ra ledande l\u00f6sningar!\" \/>\n<meta name=\"robots\" content=\"index, follow, max-snippet:-1, max-image-preview:large, max-video-preview:-1\" \/>\n<link rel=\"canonical\" href=\"https:\/\/www.caleidoscope.se\/en\/products\/ceilings-2\/ceilings\/\" \/>\n<meta property=\"og:locale\" content=\"en_US\" \/>\n<meta property=\"og:type\" content=\"article\" \/>\n<meta property=\"og:title\" content=\"Undertak - L\u00f6sningar f\u00f6r ljus, tak &amp; el | Caleidoscope\" \/>\n<meta property=\"og:description\" content=\"Caleidoscope levererar egendesignade undertak till butiker och offentliga milj\u00f6er. Planera ljus, ljud &amp; s\u00e4ljkommunikation med v\u00e5ra ledande l\u00f6sningar!\" \/>\n<meta property=\"og:url\" content=\"https:\/\/www.caleidoscope.se\/en\/products\/ceilings-2\/ceilings\/\" \/>\n<meta property=\"article:modified_time\" content=\"2024-11-04T11:34:58+00:00\" \/>\n<meta property=\"og:image\" content=\"https:\/\/www.caleidoscope.se\/wp-content\/uploads\/2024\/10\/zeekr.jpg\" \/>\n<meta name=\"twitter:card\" content=\"summary_large_image\" \/>\n<meta name=\"twitter:label1\" content=\"Est. reading time\" \/>\n\t<meta name=\"twitter:data1\" content=\"1 minute\" \/>\n<script type=\"application\/ld+json\" class=\"yoast-schema-graph\">{\"@context\":\"https:\/\/schema.org\",\"@graph\":[{\"@type\":\"WebPage\",\"@id\":\"https:\/\/www.caleidoscope.se\/en\/products\/ceilings-2\/ceilings\/\",\"url\":\"https:\/\/www.caleidoscope.se\/en\/products\/ceilings-2\/ceilings\/\",\"name\":\"Undertak - L\u00f6sningar f\u00f6r ljus, tak & el | Caleidoscope\",\"isPartOf\":{\"@id\":\"https:\/\/www.caleidoscope.se\/#website\"},\"datePublished\":\"2024-10-10T13:27:22+00:00\",\"dateModified\":\"2024-11-04T11:34:58+00:00\",\"description\":\"Caleidoscope levererar egendesignade undertak till butiker och offentliga milj\u00f6er. Planera ljus, ljud & s\u00e4ljkommunikation med v\u00e5ra ledande l\u00f6sningar!\",\"breadcrumb\":{\"@id\":\"https:\/\/www.caleidoscope.se\/en\/products\/ceilings-2\/ceilings\/#breadcrumb\"},\"inLanguage\":\"en-US\",\"potentialAction\":[{\"@type\":\"ReadAction\",\"target\":[\"https:\/\/www.caleidoscope.se\/en\/products\/ceilings-2\/ceilings\/\"]}]},{\"@type\":\"BreadcrumbList\",\"@id\":\"https:\/\/www.caleidoscope.se\/en\/products\/ceilings-2\/ceilings\/#breadcrumb\",\"itemListElement\":[{\"@type\":\"ListItem\",\"position\":1,\"name\":\"Hem\",\"item\":\"https:\/\/www.caleidoscope.se\/en\/\"},{\"@type\":\"ListItem\",\"position\":2,\"name\":\"Products\",\"item\":\"https:\/\/www.caleidoscope.se\/en\/products\/\"},{\"@type\":\"ListItem\",\"position\":3,\"name\":\"SYSTEM\",\"item\":\"https:\/\/www.caleidoscope.se\/en\/products\/ceilings-2\/\"},{\"@type\":\"ListItem\",\"position\":4,\"name\":\"CEILINGS\"}]},{\"@type\":\"WebSite\",\"@id\":\"https:\/\/www.caleidoscope.se\/#website\",\"url\":\"https:\/\/www.caleidoscope.se\/\",\"name\":\"\",\"description\":\"\",\"potentialAction\":[{\"@type\":\"SearchAction\",\"target\":{\"@type\":\"EntryPoint\",\"urlTemplate\":\"https:\/\/www.caleidoscope.se\/?s={search_term_string}\"},\"query-input\":\"required name=search_term_string\"}],\"inLanguage\":\"en-US\"}]}<\/script>\n<!-- \/ Yoast SEO plugin. -->","yoast_head_json":{"title":"Undertak - L\u00f6sningar f\u00f6r ljus, tak & el | Caleidoscope","description":"Caleidoscope levererar egendesignade undertak till butiker och offentliga milj\u00f6er. Planera ljus, ljud & s\u00e4ljkommunikation med v\u00e5ra ledande l\u00f6sningar!","robots":{"index":"index","follow":"follow","max-snippet":"max-snippet:-1","max-image-preview":"max-image-preview:large","max-video-preview":"max-video-preview:-1"},"canonical":"https:\/\/www.caleidoscope.se\/en\/products\/ceilings-2\/ceilings\/","og_locale":"en_US","og_type":"article","og_title":"Undertak - L\u00f6sningar f\u00f6r ljus, tak & el | Caleidoscope","og_description":"Caleidoscope levererar egendesignade undertak till butiker och offentliga milj\u00f6er. Planera ljus, ljud & s\u00e4ljkommunikation med v\u00e5ra ledande l\u00f6sningar!","og_url":"https:\/\/www.caleidoscope.se\/en\/products\/ceilings-2\/ceilings\/","article_modified_time":"2024-11-04T11:34:58+00:00","og_image":[{"url":"https:\/\/www.caleidoscope.se\/wp-content\/uploads\/2024\/10\/zeekr.jpg"}],"twitter_card":"summary_large_image","twitter_misc":{"Est. reading time":"1 minute"},"schema":{"@context":"https:\/\/schema.org","@graph":[{"@type":"WebPage","@id":"https:\/\/www.caleidoscope.se\/en\/products\/ceilings-2\/ceilings\/","url":"https:\/\/www.caleidoscope.se\/en\/products\/ceilings-2\/ceilings\/","name":"Undertak - L\u00f6sningar f\u00f6r ljus, tak & el | Caleidoscope","isPartOf":{"@id":"https:\/\/www.caleidoscope.se\/#website"},"datePublished":"2024-10-10T13:27:22+00:00","dateModified":"2024-11-04T11:34:58+00:00","description":"Caleidoscope levererar egendesignade undertak till butiker och offentliga milj\u00f6er. Planera ljus, ljud & s\u00e4ljkommunikation med v\u00e5ra ledande l\u00f6sningar!","breadcrumb":{"@id":"https:\/\/www.caleidoscope.se\/en\/products\/ceilings-2\/ceilings\/#breadcrumb"},"inLanguage":"en-US","potentialAction":[{"@type":"ReadAction","target":["https:\/\/www.caleidoscope.se\/en\/products\/ceilings-2\/ceilings\/"]}]},{"@type":"BreadcrumbList","@id":"https:\/\/www.caleidoscope.se\/en\/products\/ceilings-2\/ceilings\/#breadcrumb","itemListElement":[{"@type":"ListItem","position":1,"name":"Hem","item":"https:\/\/www.caleidoscope.se\/en\/"},{"@type":"ListItem","position":2,"name":"Products","item":"https:\/\/www.caleidoscope.se\/en\/products\/"},{"@type":"ListItem","position":3,"name":"SYSTEM","item":"https:\/\/www.caleidoscope.se\/en\/products\/ceilings-2\/"},{"@type":"ListItem","position":4,"name":"CEILINGS"}]},{"@type":"WebSite","@id":"https:\/\/www.caleidoscope.se\/#website","url":"https:\/\/www.caleidoscope.se\/","name":"","description":"","potentialAction":[{"@type":"SearchAction","target":{"@type":"EntryPoint","urlTemplate":"https:\/\/www.caleidoscope.se\/?s={search_term_string}"},"query-input":"required name=search_term_string"}],"inLanguage":"en-US"}]}},"_links":{"self":[{"href":"https:\/\/www.caleidoscope.se\/en\/wp-json\/wp\/v2\/pages\/8684"}],"collection":[{"href":"https:\/\/www.caleidoscope.se\/en\/wp-json\/wp\/v2\/pages"}],"about":[{"href":"https:\/\/www.caleidoscope.se\/en\/wp-json\/wp\/v2\/types\/page"}],"author":[{"embeddable":true,"href":"https:\/\/www.caleidoscope.se\/en\/wp-json\/wp\/v2\/users\/1"}],"replies":[{"embeddable":true,"href":"https:\/\/www.caleidoscope.se\/en\/wp-json\/wp\/v2\/comments?post=8684"}],"version-history":[{"count":6,"href":"https:\/\/www.caleidoscope.se\/en\/wp-json\/wp\/v2\/pages\/8684\/revisions"}],"predecessor-version":[{"id":8895,"href":"https:\/\/www.caleidoscope.se\/en\/wp-json\/wp\/v2\/pages\/8684\/revisions\/8895"}],"up":[{"embeddable":true,"href":"https:\/\/www.caleidoscope.se\/en\/wp-json\/wp\/v2\/pages\/6909"}],"wp:attachment":[{"href":"https:\/\/www.caleidoscope.se\/en\/wp-json\/wp\/v2\/media?parent=8684"}],"curies":[{"name":"wp","href":"https:\/\/api.w.org\/{rel}","templated":true}]}}